{"id":45,"date":"2022-04-28T10:50:07","date_gmt":"2022-04-28T08:50:07","guid":{"rendered":"https:\/\/5senses4kids.org\/en\/?page_id=45"},"modified":"2026-02-05T17:39:24","modified_gmt":"2026-02-05T16:39:24","slug":"prizes-and-awards","status":"publish","type":"page","link":"https:\/\/5senses4kids.org\/en\/prizes-and-awards\/","title":{"rendered":"Prizes and awards"},"content":{"rendered":"\n<div class=\"wp-block-cover is-light has-parallax container-banniere-multisenso banniere-prizes-and-awards\"><div class=\"wp-block-cover__image-background wp-image-979 has-parallax\" style=\"background-position:100% 0%;background-image:url(https:\/\/5senses4kids.org\/wp-content\/uploads\/2022\/01\/iStock-907621804-1.jpg)\"><\/div><span aria-hidden=\"true\" class=\"wp-block-cover__background has-background-dim-40 has-background-dim\"><\/span><div class=\"wp-block-cover__inner-container is-layout-flow wp-block-cover-is-layout-flow\">\n<div class=\"wp-block-group container colonne-gauche-senso\"><div class=\"wp-block-group__inner-container is-layout-flow wp-block-group-is-layout-flow\">\n<div style=\"height:30px\" aria-hidden=\"true\" class=\"wp-block-spacer\"><\/div>\n\n\n\n<h1 class=\"wp-block-heading has-white-color has-text-color\" id=\"prix-et-recompenses\" style=\"font-size:30px\"><strong>Prizes and awards<\/strong><\/h1>\n\n\n\n<div style=\"height:40px\" aria-hidden=\"true\" class=\"wp-block-spacer\"><\/div>\n<\/div><\/div>\n<\/div><\/div>\n\n\n\n<div class=\"wp-block-columns container-prix-recompense is-layout-flex wp-container-core-columns-is-layout-9d6595d7 wp-block-columns-is-layout-flex\">\n<div class=\"wp-block-column pa-colonne-droite colonnes-responsive has-background is-layout-flow wp-block-column-is-layout-flow\" style=\"background-color:#f4fdff\">\n<div class=\"wp-block-columns is-layout-flex wp-container-core-columns-is-layout-9d6595d7 wp-block-columns-is-layout-flex\">\n<div class=\"wp-block-column is-layout-flow wp-block-column-is-layout-flow\">\n<div class=\"wp-block-group container padding060\"><div class=\"wp-block-group__inner-container is-layout-flow wp-block-group-is-layout-flow\">\n<div style=\"height:100px\" aria-hidden=\"true\" class=\"wp-block-spacer\"><\/div>\n\n\n\n<p class=\"has-text-color\" style=\"color:#3c7a95;font-size:25px\"><strong>The 2026<\/strong> <strong><strong>ANNUAL PRIZE OF SCIENTIFIC RESEARCH<\/strong><br>of &#8220;5 senses for kids Foundation&#8221; in partnership with the &#8220;Societ\u00e9 des Neurosciences&#8221;<\/strong><\/p>\n\n\n\n<hr class=\"wp-block-separator has-text-color has-css-opacity has-background separation-petit-page-bleu\" style=\"background-color:#00b2de;color:#00b2de\" \/>\n\n\n\n<p class=\"has-text-color\" style=\"color:#3c7a95\">&#8220;5 senses for kids Foundation&#8221; and the &#8220;Soci\u00e9t\u00e9 des Neurosciences&#8221; support educational, cultural, social or scientific projects that contribute to the development of children by promoting multi-sensoriality as a fundamental basis for their development and their openness to the world.<\/p>\n\n\n\n<p class=\"has-text-color\" style=\"color:#3c7a95\">On 19th November 2026, a prize of 2,500 euros will be awarded on the advice of the Selection Committee.<\/p>\n\n\n\n<p class=\"has-text-color\" style=\"color:#3c7a95\">Are you involved in an action in France aimed at developing the senses and multi-sensoriality in children ?<\/p>\n\n\n\n<p class=\"has-text-color\" style=\"color:#3c7a95\">You have a research activity: working on a thesis, a scientific publication&#8230; in the framework of a non-profit organisation (association of researchers under the 1901 law, public laboratories&#8230;) ?<\/p>\n\n\n\n<p class=\"has-text-color\" style=\"color:#3c7a95\">Then, do not hesitate to apply by clicking below.<\/p>\n\n\n\n<div style=\"height:20px\" aria-hidden=\"true\" class=\"wp-block-spacer\"><\/div>\n\n\n\n<p class=\"has-text-align-center has-text-color\" style=\"color:#3c7a95\"><\/p>\n\n\n\n<div style=\"height:15px\" aria-hidden=\"true\" class=\"wp-block-spacer\"><\/div>\n\n\n\n<div class=\"wp-block-buttons is-horizontal is-content-justification-left is-layout-flex wp-container-core-buttons-is-layout-7e5fce0a wp-block-buttons-is-layout-flex\">\n<div class=\"wp-block-button has-custom-width wp-block-button__width-50 white hover-orange\"><a class=\"wp-block-button__link has-white-color has-text-color has-background wp-element-button\" href=\"https:\/\/5senses4kids.org\/en\/prizes-and-awards\/application-the-annual-price-of-scientific-research\/\" style=\"background-color:#00b2de\">I am applying<\/a><\/div>\n<\/div>\n\n\n\n<div style=\"height:100px\" aria-hidden=\"true\" class=\"wp-block-spacer\"><\/div>\n\n\n\n<p><\/p>\n<\/div><\/div>\n<\/div>\n<\/div>\n<\/div>\n\n\n\n<div class=\"wp-block-column pa-colonne-gauche colonnes-responsive has-background is-layout-flow wp-block-column-is-layout-flow\" style=\"background-color:#3c7a95\">\n<div style=\"height:100px\" aria-hidden=\"true\" class=\"wp-block-spacer\"><\/div>\n\n\n\n<div class=\"wp-block-columns colonne-droite-prix is-layout-flex wp-container-core-columns-is-layout-9d6595d7 wp-block-columns-is-layout-flex\">\n<div class=\"wp-block-column is-layout-flow wp-block-column-is-layout-flow\">\n<div class=\"wp-block-group container padding060\"><div class=\"wp-block-group__inner-container is-layout-flow wp-block-group-is-layout-flow\">\n<p class=\"has-white-color has-text-color\" style=\"font-size:25px\"><strong>5 senses for kids Foundation<br>The 2026 <strong>ANNUAL PRIZE FOR <\/strong><\/strong><\/p>\n\n\n\n<p class=\"has-white-color has-text-color\" style=\"font-size:25px\"><strong><strong>AN EDUCATIONAL PROJECT<\/strong><\/strong> <\/p>\n\n\n\n<hr class=\"wp-block-separator has-text-color has-white-color has-css-opacity has-white-background-color has-background separation-petit-page-bleu\" \/>\n\n\n\n<p class=\"has-white-color has-text-color\">&#8220;The 5 Senses For Kids&#8221; Foundation supports educational, cultural, social or scientific projects that contribute to the development of children by promoting multi-sensoriality as a fundamental basis for their development and their openness to the world.<\/p>\n\n\n\n<p class=\"has-white-color has-text-color\">On 19th November 2026, a prize of 2,500 euros will be awarded on the advice of the Board of Directors.<\/p>\n\n\n\n<p class=\"has-white-color has-text-color\">Are you carrying out an action in France aimed at developing the senses and multi-sensoriality in children ?<\/p>\n\n\n\n<p class=\"has-white-color has-text-color\">You are already carrying out an educational action or you want to develop an original educational activity this year within the framework of a non-profit association.<\/p>\n\n\n\n<p class=\"has-white-color has-text-color\">Then, do not hesitate to apply by clicking below.<\/p>\n\n\n\n<div style=\"height:20px\" aria-hidden=\"true\" class=\"wp-block-spacer\"><\/div>\n\n\n\n<p class=\"has-text-align-center has-white-color has-text-color\"><\/p>\n\n\n\n<div style=\"height:15px\" aria-hidden=\"true\" class=\"wp-block-spacer\"><\/div>\n\n\n\n<div class=\"wp-block-buttons is-horizontal is-content-justification-left is-layout-flex wp-container-core-buttons-is-layout-7e5fce0a wp-block-buttons-is-layout-flex\">\n<div class=\"wp-block-button has-custom-width wp-block-button__width-50 white hover-orange\"><a class=\"wp-block-button__link has-white-color has-text-color has-background wp-element-button\" href=\"https:\/\/5senses4kids.org\/en\/prizes-and-awards\/application-the-annual-price-for-an-educational-project\/\" style=\"background-color:#00b2de\">I am applying <\/a><\/div>\n<\/div>\n<\/div><\/div>\n<\/div>\n<\/div>\n\n\n\n<div style=\"height:100px\" aria-hidden=\"true\" class=\"wp-block-spacer\"><\/div>\n<\/div>\n<\/div>\n","protected":false},"excerpt":{"rendered":"<p>The 2026 ANNUAL PRIZE OF SCIENTIFIC RESEARCHof &#8220;5 senses for kids Foundation&#8221; in partnership with the &#8220;Societ\u00e9 des Neurosciences&#8221; &#8220;5 senses for kids Foundation&#8221; and the &#8220;Soci\u00e9t\u00e9 des Neurosciences&#8221; support educational, cultural, social or scientific projects that contribute to the development of children by promoting multi-sensoriality as a fundamental basis for their development and their [&hellip;]<\/p>\n","protected":false},"author":1,"featured_media":0,"parent":0,"menu_order":0,"comment_status":"closed","ping_status":"closed","template":"","meta":{"footnotes":""},"class_list":["post-45","page","type-page","status-publish","hentry"],"yoast_head":"<!-- This site is optimized with the Yoast SEO plugin v27.3 - https:\/\/yoast.com\/product\/yoast-seo-wordpress\/ -->\n<title>Prices and Awards of 5 senses for kids Foundation | 5senses4kids<\/title>\n<meta name=\"description\" content=\"5 senses for kids Foundation supports educational, cultural, social or scientific projects which contribute to the development of children.\" \/>\n<meta name=\"robots\" content=\"index, follow, max-snippet:-1, max-image-preview:large, max-video-preview:-1\" \/>\n<link rel=\"canonical\" href=\"https:\/\/5senses4kids.org\/en\/prizes-and-awards\/\" \/>\n<meta property=\"og:locale\" content=\"en_US\" \/>\n<meta property=\"og:type\" content=\"article\" \/>\n<meta property=\"og:title\" content=\"Prices and Awards of 5 senses for kids Foundation | 5senses4kids\" \/>\n<meta property=\"og:description\" content=\"5 senses for kids Foundation supports educational, cultural, social or scientific projects which contribute to the development of children.\" \/>\n<meta property=\"og:url\" content=\"https:\/\/5senses4kids.org\/en\/prizes-and-awards\/\" \/>\n<meta property=\"og:site_name\" content=\"5senses4kids.org\" \/>\n<meta property=\"article:modified_time\" content=\"2026-02-05T16:39:24+00:00\" \/>\n<meta name=\"twitter:card\" content=\"summary_large_image\" \/>\n<meta name=\"twitter:label1\" content=\"Est. reading time\" \/>\n\t<meta name=\"twitter:data1\" content=\"2 minutes\" \/>\n<script type=\"application\/ld+json\" class=\"yoast-schema-graph\">{\"@context\":\"https:\\\/\\\/schema.org\",\"@graph\":[{\"@type\":\"WebPage\",\"@id\":\"https:\\\/\\\/5senses4kids.org\\\/en\\\/prizes-and-awards\\\/\",\"url\":\"https:\\\/\\\/5senses4kids.org\\\/en\\\/prizes-and-awards\\\/\",\"name\":\"Prices and Awards of 5 senses for kids Foundation | 5senses4kids\",\"isPartOf\":{\"@id\":\"https:\\\/\\\/5senses4kids.org\\\/en\\\/#website\"},\"datePublished\":\"2022-04-28T08:50:07+00:00\",\"dateModified\":\"2026-02-05T16:39:24+00:00\",\"description\":\"5 senses for kids Foundation supports educational, cultural, social or scientific projects which contribute to the development of children.\",\"breadcrumb\":{\"@id\":\"https:\\\/\\\/5senses4kids.org\\\/en\\\/prizes-and-awards\\\/#breadcrumb\"},\"inLanguage\":\"en-US\",\"potentialAction\":[{\"@type\":\"ReadAction\",\"target\":[\"https:\\\/\\\/5senses4kids.org\\\/en\\\/prizes-and-awards\\\/\"]}]},{\"@type\":\"BreadcrumbList\",\"@id\":\"https:\\\/\\\/5senses4kids.org\\\/en\\\/prizes-and-awards\\\/#breadcrumb\",\"itemListElement\":[{\"@type\":\"ListItem\",\"position\":1,\"name\":\"Accueil\",\"item\":\"https:\\\/\\\/5senses4kids.org\\\/en\\\/\"},{\"@type\":\"ListItem\",\"position\":2,\"name\":\"Prizes and awards\"}]},{\"@type\":\"WebSite\",\"@id\":\"https:\\\/\\\/5senses4kids.org\\\/en\\\/#website\",\"url\":\"https:\\\/\\\/5senses4kids.org\\\/en\\\/\",\"name\":\"5senses4kids.org\",\"description\":\"Multisensoriality: the key to fulfillment\",\"potentialAction\":[{\"@type\":\"SearchAction\",\"target\":{\"@type\":\"EntryPoint\",\"urlTemplate\":\"https:\\\/\\\/5senses4kids.org\\\/en\\\/?s={search_term_string}\"},\"query-input\":{\"@type\":\"PropertyValueSpecification\",\"valueRequired\":true,\"valueName\":\"search_term_string\"}}],\"inLanguage\":\"en-US\"}]}<\/script>\n<!-- \/ Yoast SEO plugin. -->","yoast_head_json":{"title":"Prices and Awards of 5 senses for kids Foundation | 5senses4kids","description":"5 senses for kids Foundation supports educational, cultural, social or scientific projects which contribute to the development of children.","robots":{"index":"index","follow":"follow","max-snippet":"max-snippet:-1","max-image-preview":"max-image-preview:large","max-video-preview":"max-video-preview:-1"},"canonical":"https:\/\/5senses4kids.org\/en\/prizes-and-awards\/","og_locale":"en_US","og_type":"article","og_title":"Prices and Awards of 5 senses for kids Foundation | 5senses4kids","og_description":"5 senses for kids Foundation supports educational, cultural, social or scientific projects which contribute to the development of children.","og_url":"https:\/\/5senses4kids.org\/en\/prizes-and-awards\/","og_site_name":"5senses4kids.org","article_modified_time":"2026-02-05T16:39:24+00:00","twitter_card":"summary_large_image","twitter_misc":{"Est. reading time":"2 minutes"},"schema":{"@context":"https:\/\/schema.org","@graph":[{"@type":"WebPage","@id":"https:\/\/5senses4kids.org\/en\/prizes-and-awards\/","url":"https:\/\/5senses4kids.org\/en\/prizes-and-awards\/","name":"Prices and Awards of 5 senses for kids Foundation | 5senses4kids","isPartOf":{"@id":"https:\/\/5senses4kids.org\/en\/#website"},"datePublished":"2022-04-28T08:50:07+00:00","dateModified":"2026-02-05T16:39:24+00:00","description":"5 senses for kids Foundation supports educational, cultural, social or scientific projects which contribute to the development of children.","breadcrumb":{"@id":"https:\/\/5senses4kids.org\/en\/prizes-and-awards\/#breadcrumb"},"inLanguage":"en-US","potentialAction":[{"@type":"ReadAction","target":["https:\/\/5senses4kids.org\/en\/prizes-and-awards\/"]}]},{"@type":"BreadcrumbList","@id":"https:\/\/5senses4kids.org\/en\/prizes-and-awards\/#breadcrumb","itemListElement":[{"@type":"ListItem","position":1,"name":"Accueil","item":"https:\/\/5senses4kids.org\/en\/"},{"@type":"ListItem","position":2,"name":"Prizes and awards"}]},{"@type":"WebSite","@id":"https:\/\/5senses4kids.org\/en\/#website","url":"https:\/\/5senses4kids.org\/en\/","name":"5senses4kids.org","description":"Multisensoriality: the key to fulfillment","potentialAction":[{"@type":"SearchAction","target":{"@type":"EntryPoint","urlTemplate":"https:\/\/5senses4kids.org\/en\/?s={search_term_string}"},"query-input":{"@type":"PropertyValueSpecification","valueRequired":true,"valueName":"search_term_string"}}],"inLanguage":"en-US"}]}},"_links":{"self":[{"href":"https:\/\/5senses4kids.org\/en\/wp-json\/wp\/v2\/pages\/45","targetHints":{"allow":["GET"]}}],"collection":[{"href":"https:\/\/5senses4kids.org\/en\/wp-json\/wp\/v2\/pages"}],"about":[{"href":"https:\/\/5senses4kids.org\/en\/wp-json\/wp\/v2\/types\/page"}],"author":[{"embeddable":true,"href":"https:\/\/5senses4kids.org\/en\/wp-json\/wp\/v2\/users\/1"}],"replies":[{"embeddable":true,"href":"https:\/\/5senses4kids.org\/en\/wp-json\/wp\/v2\/comments?post=45"}],"version-history":[{"count":32,"href":"https:\/\/5senses4kids.org\/en\/wp-json\/wp\/v2\/pages\/45\/revisions"}],"predecessor-version":[{"id":3444,"href":"https:\/\/5senses4kids.org\/en\/wp-json\/wp\/v2\/pages\/45\/revisions\/3444"}],"wp:attachment":[{"href":"https:\/\/5senses4kids.org\/en\/wp-json\/wp\/v2\/media?parent=45"}],"curies":[{"name":"wp","href":"https:\/\/api.w.org\/{rel}","templated":true}]}}